{"id":117,"date":"2017-08-30T13:44:20","date_gmt":"2017-08-30T11:44:20","guid":{"rendered":"http:\/\/www.kontorparken.no\/provence\/?page_id=117"},"modified":"2017-12-13T09:25:49","modified_gmt":"2017-12-13T08:25:49","slug":"omradet","status":"publish","type":"page","link":"https:\/\/www.kontorparken.no\/provence\/omradet\/","title":{"rendered":"Omr\u00e5det"},"content":{"rendered":"<h1>\n\t\tOmr\u00e5det<br \/>\n\t<\/h1>\n<h2>\n\t\tProvence er kjent for sin mat, vin og parfyme, sin vakre natur, flotte strender og eksklusive shopping. Nyt livet i Provence!<br \/>\n\t<\/h2>\n<h3>Solrikt og variert<\/h3>\n<p>Provence er en solrik region i et fantastisk landskap som grenser til Middelhavet i syd, forgreninger av alpene i nord og Nice i \u00f8st. I s\u00f8r er det middelhavsklima med yppig vegetasjon. St\u00f8rste by i omr\u00e5det er Marseille. Provence som opprinnelig var en romersk provins (derav navnet) ble forent med Frankrike i 1481.<\/p>\n<h3>Noe for enhver smak<\/h3>\n<h2>\n\t\tByene i Provence<br \/>\n\t<\/h2>\n<p>\t\t\t\t<img loading=\"lazy\" decoding=\"async\" src=\"https:\/\/www.kontorparken.no\/provence\/wp-content\/uploads\/2017\/08\/nice-1362189.jpg\" alt=\"nice-1362189\" itemprop=\"image\" height=\"562\" width=\"750\"  \/><\/p>\n<p><b>Nice, <\/b>Frankrikes &laquo;s\u00f8rlige Paris&raquo; er landets femte st\u00f8rste by. Nice er sofistikert, har alt av livets luksus, og er innrammet i nydelige &laquo;Baie des Anges&raquo; (Englebukten) som vender mot Antibene. es&raquo; (Englebukten) som vender mot Antibene.<\/p>\n<p>I <b>St.Tropez<\/b> er alt ber\u00f8mt: Strendene &#8211; Bouillabaisse Beach, Caneliers Beach, Salins Beach; det er minst 40 av dem p\u00e5 den vakre halv\u00f8ya.<\/p>\n<p>&nbsp;<\/p>\n<h2>\n\t\tMat og vin<br \/>\n\t<\/h2>\n<p>\t\t\t\t<img loading=\"lazy\" decoding=\"async\" src=\"https:\/\/www.kontorparken.no\/provence\/wp-content\/uploads\/2017\/08\/1715.jpg\" alt=\"1715\" itemprop=\"image\" height=\"500\" width=\"750\"  \/><\/p>\n<h2>\n\t\tNatur og opplevelser<br \/>\n\t<\/h2>\n<p>\t\t\t\t<img loading=\"lazy\" decoding=\"async\" src=\"https:\/\/www.kontorparken.no\/provence\/wp-content\/uploads\/2017\/08\/waterfall-in-the-provence-1363082.jpg\" alt=\"waterfall-in-the-provence-1363082\" itemprop=\"image\" height=\"562\" width=\"750\"  \/><\/p>\n<p>Naturen i Provence er fantastisk og opplevelsene er mange.<\/p>\n<h2>\n\t\tKlima<br \/>\n\t<\/h2>\n<p><b>Januar, februar og mars:\u00a0<\/b>Nettene er kalde, men p\u00e5 dagen kan temperaturen gjerne v\u00e6re 8-14 C. Mimosaen blomstrer i februar. N\u00e5r v\u00e6ret er godt g\u00e5r det fint \u00e5 nyte lunchen ute p\u00e5 terrassen eller p\u00e5 en fortausrestaurant. Gjennomsnittlig 5-6 soltimer daglig.<\/p>\n<p><b>April:\u00a0<\/b>Nydelig v\u00e5rstemning og blomsterprakt i Provence med mye godt v\u00e6r. Temperatur ca 14-20o C. Gjennomsnittlig 8 sol timer daglig.<\/p>\n<p><b>Mai:\u00a0<\/b>Nydelige farger og blomsterprakt i naturen. Noe skiftende v\u00e6r, men likevel mye godt sommerv\u00e6r.\u00a0 Temperatur ca 16-22o C. Gjennomsnittlig 8 soltimer daglig.<\/p>\n<p><b>Juni:\u00a0<\/b>Fint \u00e5 ha ferie i juni. Ikke for mange turister p\u00e5 strendene ved Rivieraen. God norsk sommer. Temperatur ca 19-26o C. Gjennomsnittlig 11 soltimer daglig.<\/p>\n<p><b>Juli:\u00a0<\/b>Feriem\u00e5ned i Nord-Europa og Skandinavia. Godt sommerv\u00e6r og mange lokale aktiviteter. Temperatur ca 20-29o C. Gjennomsnittlig 12 soltimer daglig.<\/p>\n<p><b>August:\u00a0<\/b>Feriem\u00e5ned i Frankrike. Mye sol og varme. Mange turister ute ved kysten. Temperatur ca 20-29o C. Gjennomsnittlig 11 soltimer daglig.<\/p>\n<p><b>September:\u00a0<\/b>Fortsatt stabilt v\u00e6r med mye sol og varme. Mindre folk ved kysten og p\u00e5 golfbanene. Temperatur ca 18-25o C. Gjennomsnittlig 8 soltimer daglig.<\/p>\n<p><b>Oktober:\u00a0<\/b>Innh\u00f8sting av vindruer. Lokale festivaler. Fortsatt mye godt v\u00e6r. Normal &laquo;god Norsk&raquo; sommer. Temperatur ca 15-22o C. Gjennomsnittlig 7 soltimer daglig.<\/p>\n<p><b>November og desember:\u00a0<\/b>Temperaturen kan falle 10o C p\u00e5 noen timer, p\u00e5 grunn av mistralvinden. Temperatur ca 8-17o C. Gjennomsnittlig 5 soltimer daglig.<\/p>\n","protected":false},"excerpt":{"rendered":"<p>Omr\u00e5det Provence er kjent for sin mat, vin og parfyme, sin vakre natur, flotte strender og eksklusive shopping. Nyt livet i Provence! Solrikt og variert Provence er en solrik region i et fantastisk landskap som grenser til Middelhavet i syd, forgreninger av alpene i nord og Nice i \u00f8st. I s\u00f8r er det middelhavsklima med&hellip;<\/p>\n","protected":false},"author":3,"featured_media":280,"parent":0,"menu_order":0,"comment_status":"closed","ping_status":"closed","template":"","meta":{"footnotes":""},"class_list":["post-117","page","type-page","status-publish","has-post-thumbnail","hentry"],"_links":{"self":[{"href":"https:\/\/www.kontorparken.no\/provence\/wp-json\/wp\/v2\/pages\/117","targetHints":{"allow":["GET"]}}],"collection":[{"href":"https:\/\/www.kontorparken.no\/provence\/wp-json\/wp\/v2\/pages"}],"about":[{"href":"https:\/\/www.kontorparken.no\/provence\/wp-json\/wp\/v2\/types\/page"}],"author":[{"embeddable":true,"href":"https:\/\/www.kontorparken.no\/provence\/wp-json\/wp\/v2\/users\/3"}],"replies":[{"embeddable":true,"href":"https:\/\/www.kontorparken.no\/provence\/wp-json\/wp\/v2\/comments?post=117"}],"version-history":[{"count":25,"href":"https:\/\/www.kontorparken.no\/provence\/wp-json\/wp\/v2\/pages\/117\/revisions"}],"predecessor-version":[{"id":328,"href":"https:\/\/www.kontorparken.no\/provence\/wp-json\/wp\/v2\/pages\/117\/revisions\/328"}],"wp:featuredmedia":[{"embeddable":true,"href":"https:\/\/www.kontorparken.no\/provence\/wp-json\/wp\/v2\/media\/280"}],"wp:attachment":[{"href":"https:\/\/www.kontorparken.no\/provence\/wp-json\/wp\/v2\/media?parent=117"}],"curies":[{"name":"wp","href":"https:\/\/api.w.org\/{rel}","templated":true}]}}