{"id":140,"date":"2017-08-30T14:40:42","date_gmt":"2017-08-30T12:40:42","guid":{"rendered":"http:\/\/www.kontorparken.no\/provence\/?page_id=140"},"modified":"2024-01-21T16:44:04","modified_gmt":"2024-01-21T15:44:04","slug":"cannes","status":"publish","type":"page","link":"https:\/\/www.kontorparken.no\/provence\/cannes\/","title":{"rendered":"Cannes"},"content":{"rendered":"<h1>\n\t\tCannes\n\t<\/h1>\n<h2>\n\t\tKjent for sin glamour, filmstjerner og \u00abGrand Hotels\u00bb,  og festivaler. Attraksjonene er mange med flotte strender og et bredt utvalg av restauranter.\n\t<\/h2>\n\t<h3>Beliggenhet<\/h3>\n<p>Cannes ligger omlag 3 mil s\u00f8rvest for Nice. Byen ligger sydvendt og har Croisetten og Festivalbygningen som to av sine mest kjente attraksjoner. Det er flotte strender med bredt utvalg av restauranter langs hele Croisetten. Fra byen er det vakker utsikt. Cannes har flotte golfbaner i umiddelbar n\u00e6rhet.<\/p>\n\t<h3>Behagelig klima<\/h3>\n<p>Byen har et behagelig klima med garantert sommervarme og 300 soldager i \u00e5ret. Vinteren er mildere enn i innlandet i Provence og temperaturene i denne \u00e5rstiden varierer mellom 12 og 19 grader. Livet i byen er pulserende \u00e5ret rundt. I mai hvert \u00e5r arrangeres Cannes Filmfestival, som i 2009 arrangeres i perioden 13. til 24. mai.<\/p>\n<h2>\n\t\tV\u00e5r leilighet i Cannes\n\t<\/h2>\n<h2>\n\t\tFilmfestival\n\t<\/h2>\n\t\t\t\t<img loading=\"lazy\" decoding=\"async\" src=\"https:\/\/www.kontorparken.no\/provence\/wp-content\/uploads\/2017\/08\/584.jpg\" alt=\"584\" itemprop=\"image\" height=\"493\" width=\"750\"  \/>\n\t<b>Filmfestival<\/b><br \/>\nI mai tar Cannes Filmfestival over \u00abShowet\u00bb, byen blir oversv\u00f8mt med filmplakater, luksuri\u00f8se biler, filmstjerner som poserer uten hemninger for Paparazziaen. Private \u00abBeach Parties\u00bb, \u00abBalkong Parties og andre \u00abparties\u00bb og tusenvis av fans som svermer i byen og strendene for \u00e5 f\u00e5 et glimt av filmstjernene. Restaurantene og barene og til og med de mange golfbanene i omr\u00e5det er &laquo;pakket&raquo; med folk fra filmbransjen som gj\u00f8r avtaler etc&#8230;.man m\u00e5 se det for \u00e5 tro det!.<br \/>\n\n<h2>\n\t\tRestauranter og uteliv\n\t<\/h2>\n\t<p>En av de store forn\u00f8yelsene er \u00ablunching\u00bb, det er minst et dusin restauranter langs \u00abCroisette\u00bb. Du b\u00f8r ha fine spisevaner siden det er en stor sjanse for at du er i bakrunnen av en reklamefilm eller en musikkvideo. Fra bordet kan du se Yatchene p\u00e5 vei rundt Iles de L\u00e9rins. Der er to yatch-havner, en til venstre og en til h\u00f8yre n\u00e5r du ser ut mot Middelhavet. I \u00e5sene over byen har vi Le Suquet, det gamle kvarteret, en nydelig Provencalsk bydel som er en stor kontrast til den kosmopolitiske sj\u00f8siden med sine luksuri\u00f8se hoteller og Rue d&#8217;Antibes butikker.<\/p>\n\t\t\t\t<img loading=\"lazy\" decoding=\"async\" src=\"https:\/\/www.kontorparken.no\/provence\/wp-content\/uploads\/2017\/08\/edibles-1-1328137.jpg\" alt=\"edibles-1-1328137\" itemprop=\"image\" height=\"504\" width=\"750\"  \/>\n<h2>\n\t\tShopping\n\t<\/h2>\n\t\t\t\t<img loading=\"lazy\" decoding=\"async\" src=\"https:\/\/www.kontorparken.no\/provence\/wp-content\/uploads\/2017\/08\/953.jpg\" alt=\"953\" itemprop=\"image\" height=\"501\" width=\"750\"  \/>\n","protected":false},"excerpt":{"rendered":"<p>Cannes Kjent for sin glamour, filmstjerner og \u00abGrand Hotels\u00bb, og festivaler. Attraksjonene er mange med flotte strender og et bredt utvalg av restauranter. Beliggenhet Cannes ligger omlag 3 mil s\u00f8rvest for Nice. Byen ligger sydvendt og har Croisetten og Festivalbygningen som to av sine mest kjente attraksjoner. Det er flotte strender med bredt utvalg av&hellip;<\/p>\n","protected":false},"author":3,"featured_media":0,"parent":0,"menu_order":0,"comment_status":"closed","ping_status":"closed","template":"","meta":{"footnotes":""},"class_list":["post-140","page","type-page","status-publish","hentry"],"_links":{"self":[{"href":"https:\/\/www.kontorparken.no\/provence\/wp-json\/wp\/v2\/pages\/140","targetHints":{"allow":["GET"]}}],"collection":[{"href":"https:\/\/www.kontorparken.no\/provence\/wp-json\/wp\/v2\/pages"}],"about":[{"href":"https:\/\/www.kontorparken.no\/provence\/wp-json\/wp\/v2\/types\/page"}],"author":[{"embeddable":true,"href":"https:\/\/www.kontorparken.no\/provence\/wp-json\/wp\/v2\/users\/3"}],"replies":[{"embeddable":true,"href":"https:\/\/www.kontorparken.no\/provence\/wp-json\/wp\/v2\/comments?post=140"}],"version-history":[{"count":12,"href":"https:\/\/www.kontorparken.no\/provence\/wp-json\/wp\/v2\/pages\/140\/revisions"}],"predecessor-version":[{"id":1733,"href":"https:\/\/www.kontorparken.no\/provence\/wp-json\/wp\/v2\/pages\/140\/revisions\/1733"}],"wp:attachment":[{"href":"https:\/\/www.kontorparken.no\/provence\/wp-json\/wp\/v2\/media?parent=140"}],"curies":[{"name":"wp","href":"https:\/\/api.w.org\/{rel}","templated":true}]}}