{"id":151,"date":"2017-08-30T15:01:56","date_gmt":"2017-08-30T13:01:56","guid":{"rendered":"http:\/\/www.kontorparken.no\/provence\/?page_id=151"},"modified":"2023-10-22T20:06:19","modified_gmt":"2023-10-22T18:06:19","slug":"sainte-maxime","status":"publish","type":"page","link":"https:\/\/www.kontorparken.no\/provence\/sainte-maxime\/","title":{"rendered":"Sainte Maxime"},"content":{"rendered":"\n<h1>\n\t\tSainte Maxime\n\t<\/h1>\n<h2>\n\t\tSainte-Maxime er en eksklusiv ferieby, p\u00e5 den andre siden av St. Tropez bukten. \n\t<\/h2>\n\t<h3>Beliggenhet<\/h3>\n<p>Sainte Maxime ligger i St Tropez-bukten i Provence omlag 9 mil s\u00f8rvest for Nice.\u00a0 Byen ligger sydvendt, omgitt av skogkledde \u00e5ser og har tilsammen seks badestrender med en samlet strandlinje p\u00e5 6 kilometer innenfor sine grenser. Fra byen er det vakker utsikt over havet og St. Tropez-bukten. Sainte Maxime har flott golfbane.<\/p>\n<p>Byens hovedgate g\u00e5r langs strandpromenaden med mange butikker og kafeer, og herfra er det sm\u00e5 15 minutter med ruteb\u00e5t over til St. Tropez.<\/p>\n\t<h3>Behagelig klima<\/h3>\n<p>Byen har et behagelig klima med garantert sommervarme og 300 soldager i \u00e5ret. Vinteren er mildere enn i innlandet i Provence og temperaturene i denne \u00e5rstiden varierer mellom 12 og 19 grader. Sainte Maxime er en 1000 \u00e5r gammel by, men med mange funn som forteller om langt eldre bosetting. Det er en liten by med ca. 12.000 fastboende, og det er en levende by \u00e5ret igjennom. <\/p>\n<p>&nbsp;<\/p>\n<h2>\n\t\tV\u00e5r leilighet i Sainte Maxime\n\t<\/h2>\n<h2>\n\t\tRestauranter og uteliv\n\t<\/h2>\n\t\t\t\t<img decoding=\"async\" src=\"https:\/\/www.kontorparken.no\/provence\/wp-content\/uploads\/2017\/08\/1715.jpg\" alt=\"1715\" itemprop=\"image\" title=\"1715\" onerror=\"this.style.display='none'\"  \/>\n<h2>\n\t\tShopping\n\t<\/h2>\n\t\t\t\t<img decoding=\"async\" src=\"https:\/\/www.kontorparken.no\/provence\/wp-content\/uploads\/2017\/08\/4016.jpg\" alt=\"4016\" itemprop=\"image\" title=\"4016\" onerror=\"this.style.display='none'\"  \/>\n\n","protected":false},"excerpt":{"rendered":"<p>Sainte Maxime Sainte-Maxime er en eksklusiv ferieby, p\u00e5 den andre siden av St. Tropez bukten. Beliggenhet Sainte Maxime ligger i St Tropez-bukten i Provence omlag 9 mil s\u00f8rvest for Nice.\u00a0 Byen ligger sydvendt, omgitt av skogkledde \u00e5ser og har tilsammen seks badestrender med en samlet strandlinje p\u00e5 6 kilometer innenfor sine grenser. Fra byen er&hellip;<\/p>\n","protected":false},"author":3,"featured_media":0,"parent":0,"menu_order":0,"comment_status":"closed","ping_status":"closed","template":"","meta":{"footnotes":""},"class_list":["post-151","page","type-page","status-publish","hentry"],"_links":{"self":[{"href":"https:\/\/www.kontorparken.no\/provence\/wp-json\/wp\/v2\/pages\/151","targetHints":{"allow":["GET"]}}],"collection":[{"href":"https:\/\/www.kontorparken.no\/provence\/wp-json\/wp\/v2\/pages"}],"about":[{"href":"https:\/\/www.kontorparken.no\/provence\/wp-json\/wp\/v2\/types\/page"}],"author":[{"embeddable":true,"href":"https:\/\/www.kontorparken.no\/provence\/wp-json\/wp\/v2\/users\/3"}],"replies":[{"embeddable":true,"href":"https:\/\/www.kontorparken.no\/provence\/wp-json\/wp\/v2\/comments?post=151"}],"version-history":[{"count":7,"href":"https:\/\/www.kontorparken.no\/provence\/wp-json\/wp\/v2\/pages\/151\/revisions"}],"predecessor-version":[{"id":1719,"href":"https:\/\/www.kontorparken.no\/provence\/wp-json\/wp\/v2\/pages\/151\/revisions\/1719"}],"wp:attachment":[{"href":"https:\/\/www.kontorparken.no\/provence\/wp-json\/wp\/v2\/media?parent=151"}],"curies":[{"name":"wp","href":"https:\/\/api.w.org\/{rel}","templated":true}]}}