{"id":16,"date":"2017-08-28T10:42:29","date_gmt":"2017-08-28T08:42:29","guid":{"rendered":"http:\/\/www.kontorparken.no\/provence\/?page_id=16"},"modified":"2017-09-26T10:14:00","modified_gmt":"2017-09-26T08:14:00","slug":"forside","status":"publish","type":"page","link":"https:\/\/www.kontorparken.no\/provence\/","title":{"rendered":"Forside"},"content":{"rendered":"<h1>\n\t\tOpplev Provence og den franske riviera<br \/>\n\t<\/h1>\n<p>\t\t\t<a href=\"https:\/\/www.kontorparken.no\/provence\/vare-leiligheter\/\" target=\"_self\" role=\"button\"><br \/>\n\t\t\t\t\t\t\tSe v\u00e5re leiligheter<br \/>\n\t\t\t\t\t<\/a><\/p>\n<h2>\n\t\tProvence er kjent for sin mat, vin og parfyme, sin vakre natur, flotte strender og eksklusive shopping. Nyt livet i Provence!<br \/>\n\t<\/h2>\n<p>\t\t\t\t<img loading=\"lazy\" decoding=\"async\" src=\"https:\/\/www.kontorparken.no\/provence\/wp-content\/uploads\/2017\/08\/saint-maxime.jpg\" alt=\"saint-maxime\" itemprop=\"image\" height=\"500\" width=\"750\"  \/><\/p>\n<h3>St. Maxime<\/h3>\n<p>Sainte-Maxime er en eksklusiv ferieby i Saint-Tropez-bukten, en times kj\u00f8retur s\u00f8rvest for Nice. Byen er omgitt av skogkledde \u00e5ser og har seks badestrender.<\/p>\n<p><a href=\"https:\/\/www.kontorparken.no\/provence\/sainte-maxime\/\">Les mer om Sainte Maxime her<\/a><\/p>\n<p>\t\t\t\t<img loading=\"lazy\" decoding=\"async\" src=\"https:\/\/www.kontorparken.no\/provence\/wp-content\/uploads\/2017\/08\/579-2.jpg\" alt=\"579-2\" itemprop=\"image\" height=\"500\" width=\"750\"  \/><\/p>\n<h3>Cannes<\/h3>\n<p>Kjent for sin glamour, filmstjerner og &laquo;Grand Hotels&raquo;, sosiale happenings og festivaler.\u00a0Attraksjonene er mange med flotte strender og et bredt utvalg av restauranter.<\/p>\n<p><a href=\"https:\/\/www.kontorparken.no\/provence\/cannes\/\">Les mer om Cannes her<\/a><\/p>\n","protected":false},"excerpt":{"rendered":"<p>Opplev Provence og den franske riviera Se v\u00e5re leiligheter Provence er kjent for sin mat, vin og parfyme, sin vakre natur, flotte strender og eksklusive shopping. Nyt livet i Provence! St. Maxime Sainte-Maxime er en eksklusiv ferieby i Saint-Tropez-bukten, en times kj\u00f8retur s\u00f8rvest for Nice. Byen er omgitt av skogkledde \u00e5ser og har seks badestrender.&hellip;<\/p>\n","protected":false},"author":3,"featured_media":39,"parent":0,"menu_order":0,"comment_status":"closed","ping_status":"closed","template":"","meta":{"footnotes":""},"class_list":["post-16","page","type-page","status-publish","has-post-thumbnail","hentry"],"_links":{"self":[{"href":"https:\/\/www.kontorparken.no\/provence\/wp-json\/wp\/v2\/pages\/16","targetHints":{"allow":["GET"]}}],"collection":[{"href":"https:\/\/www.kontorparken.no\/provence\/wp-json\/wp\/v2\/pages"}],"about":[{"href":"https:\/\/www.kontorparken.no\/provence\/wp-json\/wp\/v2\/types\/page"}],"author":[{"embeddable":true,"href":"https:\/\/www.kontorparken.no\/provence\/wp-json\/wp\/v2\/users\/3"}],"replies":[{"embeddable":true,"href":"https:\/\/www.kontorparken.no\/provence\/wp-json\/wp\/v2\/comments?post=16"}],"version-history":[{"count":29,"href":"https:\/\/www.kontorparken.no\/provence\/wp-json\/wp\/v2\/pages\/16\/revisions"}],"predecessor-version":[{"id":323,"href":"https:\/\/www.kontorparken.no\/provence\/wp-json\/wp\/v2\/pages\/16\/revisions\/323"}],"wp:featuredmedia":[{"embeddable":true,"href":"https:\/\/www.kontorparken.no\/provence\/wp-json\/wp\/v2\/media\/39"}],"wp:attachment":[{"href":"https:\/\/www.kontorparken.no\/provence\/wp-json\/wp\/v2\/media?parent=16"}],"curies":[{"name":"wp","href":"https:\/\/api.w.org\/{rel}","templated":true}]}}