{"id":201,"date":"2017-09-01T15:57:17","date_gmt":"2017-09-01T13:57:17","guid":{"rendered":"http:\/\/www.kontorparken.no\/provence\/?page_id=201"},"modified":"2024-01-21T16:45:13","modified_gmt":"2024-01-21T15:45:13","slug":"des-pins-bleus","status":"publish","type":"page","link":"https:\/\/www.kontorparken.no\/provence\/vare-leiligheter\/des-pins-bleus\/","title":{"rendered":"Des Pins Bleus"},"content":{"rendered":"\n<h1>\n\t\tDes Pins Bleus\n\t<\/h1>\n\t\t\t<a href=\"mailto:osvald.fossholm@gmail.com?subject=Booking Des Pins Bleus, Sainte Maxime\" target=\"_self\" rel=\"noopener\">\n\t\t\t\t\t\t\tBook n\u00e5\n\t\t\t\t\t<\/a>\n<h2>\n\t\tLekker tre-romsleilighet med perfekt beliggenhet!\n\t<\/h2>\n\t<h3>Leiligheten<\/h3>\n<p>Leiligheten best\u00e5r av stue med kj\u00f8kken, 2 soverom, bad og separat WC. Det er 4 faste sengeplasser med plass p\u00e5 sovesofa til 2 ekstra personer. Fra stuen er det utgang til egen terrasse og plen. Leiligheten har air-condition og egen l\u00e5sbar garasje i kjelleren.<\/p>\n<p><a href=\"#galleri\">Se bilder av leiligheten her<\/a><\/p>\n<h3>Flotte fellesarealer<\/h3>\n<p>Omr\u00e5det er helt nytt og har flotte fellesarealer med egen park og stort felles sv\u00f8mmebasseng.<\/p>\n\t<h3>Beliggenhet<\/h3>\n<p>Leiligheten ligger i et avskjermet leilighetskompleks best\u00e5ende av 50 leiligheter som heter Des Pins Bleus. Det er ca. 1.500 meter til stranden og sentrum av byen (gamlebyen).Leiligheten ligger ca. 1 km. unna alternativ leilighet i <a href=\"http:\/\/kontorparken.no\/provenceferie\/beskrivelse2.html\">Sainte Maxime Park<\/a>. <a href=\"#\">Se Google maps.<\/a><\/p>\n<h3>Pris<\/h3>\nUke 26-33: 1.150,- Euro pr. uke<br \/>\nUke 13-25 og 34-40: 650,- Euro pr. uke\n<p>Resten av \u00e5ret er leien lavere enn i sommersesongen\u00a0og vurderes i hvert enkelt tilfelle. Ved langtidsleie vil det bli gitt rabatt.<\/p>\n\t\t\t<a href=\"mailto:osvald.fossholm@gmail.com?subject=Booking Des Pins Bleus, Sainte Maxime\" target=\"_self\" rel=\"noopener\">\n\t\t\t\t\t\t\tBook n\u00e5\n\t\t\t\t\t<\/a>\n\t<h3>Vilk\u00e5r<\/h3>\n<p>Leieavtalen er p\u00e5 ukebasis &#8211; fortrinnsvis l\u00f8rdag til l\u00f8rdag. Leietaker m\u00e5 vaske og henge sengekl\u00e6r og h\u00e5ndkl\u00e6r til t\u00f8rk f\u00f8r avreise. Vi bes\u00f8rger vask av leiligheten mot et vederlag p\u00e5 Euro 100. Alternativt kan leietaker vaske selv.<\/p>\n<p>Halve leiebel\u00f8pet betales ved avtaleinng\u00e5else, men resterende bel\u00f8p m\u00e5 v\u00e6re p\u00e5 konto hos oss 2 m\u00e5neder f\u00f8r leieperioden begynner. Ved manglende<\/p>\n<p>betaling faller reservasjonen bort. Dersom leietaker blir forhindret fra \u00e5 bruke leiligheten blir ikke leien refundert med mindre annen leieavtale inng\u00e5s i samme periode. Det betales et depositum p\u00e5 kr. 1.000 ved utlevering av n\u00f8kkel. Bel\u00f8pet refunderes ved tilbakelevering.<\/p>\n\n","protected":false},"excerpt":{"rendered":"<p>Des Pins Bleus Book n\u00e5 Lekker tre-romsleilighet med perfekt beliggenhet! Leiligheten Leiligheten best\u00e5r av stue med kj\u00f8kken, 2 soverom, bad og separat WC. Det er 4 faste sengeplasser med plass p\u00e5 sovesofa til 2 ekstra personer. Fra stuen er det utgang til egen terrasse og plen. Leiligheten har air-condition og egen l\u00e5sbar garasje i kjelleren.&hellip;<\/p>\n","protected":false},"author":3,"featured_media":224,"parent":51,"menu_order":0,"comment_status":"closed","ping_status":"closed","template":"","meta":{"footnotes":""},"class_list":["post-201","page","type-page","status-publish","has-post-thumbnail","hentry"],"_links":{"self":[{"href":"https:\/\/www.kontorparken.no\/provence\/wp-json\/wp\/v2\/pages\/201","targetHints":{"allow":["GET"]}}],"collection":[{"href":"https:\/\/www.kontorparken.no\/provence\/wp-json\/wp\/v2\/pages"}],"about":[{"href":"https:\/\/www.kontorparken.no\/provence\/wp-json\/wp\/v2\/types\/page"}],"author":[{"embeddable":true,"href":"https:\/\/www.kontorparken.no\/provence\/wp-json\/wp\/v2\/users\/3"}],"replies":[{"embeddable":true,"href":"https:\/\/www.kontorparken.no\/provence\/wp-json\/wp\/v2\/comments?post=201"}],"version-history":[{"count":18,"href":"https:\/\/www.kontorparken.no\/provence\/wp-json\/wp\/v2\/pages\/201\/revisions"}],"predecessor-version":[{"id":1734,"href":"https:\/\/www.kontorparken.no\/provence\/wp-json\/wp\/v2\/pages\/201\/revisions\/1734"}],"up":[{"embeddable":true,"href":"https:\/\/www.kontorparken.no\/provence\/wp-json\/wp\/v2\/pages\/51"}],"wp:featuredmedia":[{"embeddable":true,"href":"https:\/\/www.kontorparken.no\/provence\/wp-json\/wp\/v2\/media\/224"}],"wp:attachment":[{"href":"https:\/\/www.kontorparken.no\/provence\/wp-json\/wp\/v2\/media?parent=201"}],"curies":[{"name":"wp","href":"https:\/\/api.w.org\/{rel}","templated":true}]}}